{"id":1071,"date":"2020-07-13T16:48:58","date_gmt":"2020-07-13T14:48:58","guid":{"rendered":"https:\/\/www.depotmaletools.com\/?page_id=1071"},"modified":"2021-07-07T14:33:44","modified_gmt":"2021-07-07T12:33:44","slug":"collections","status":"publish","type":"page","link":"https:\/\/www.depotmaletools.com\/en\/collections\/","title":{"rendered":"Collections"},"content":{"rendered":"\n<p>Lorem ipsum dolor sit amet, consectetur adipiscing elit, sed do eiusmod tempor incididunt ut labore et dolore magna aliqua. Accumsan sit amet nulla facilisi morbi tempus. Interdum consectetur libero id faucibus nisl tincidunt eget. Nisl suscipit adipiscing bibendum est ultricies integer quis auctor.<\/p>\n","protected":false},"excerpt":{"rendered":"<p>Lorem ipsum dolor sit amet, consectetur adipiscing elit, sed do eiusmod tempor incididunt ut labore et dolore magna aliqua. Accumsan sit amet nulla facilisi morbi tempus. Interdum consectetur libero id faucibus nisl tincidunt eget. Nisl suscipit adipiscing bibendum est ultricies integer quis auctor.<\/p>\n","protected":false},"author":215,"featured_media":814,"parent":0,"menu_order":0,"comment_status":"closed","ping_status":"closed","template":"tpl-collezioni.php","meta":{"_acf_changed":false,"footnotes":""},"class_list":["post-1071","page","type-page","status-publish","has-post-thumbnail","hentry"],"acf":[],"yoast_head":"<!-- This site is optimized with the Yoast SEO plugin v27.3 - https:\/\/yoast.com\/product\/yoast-seo-wordpress\/ -->\n<title>DEPOT\u00ae Les collections | \u00catre inspir\u00e9<\/title>\n<meta name=\"description\" content=\"DEPOT\u00ae Les collections | Laissez-vous inspirer par nos collections d\u00e9di\u00e9es \u00e0 l&#039;homme contemporain: Olympic Shapes, The Classics, The New Order, Fusion of Soul\" \/>\n<meta name=\"robots\" content=\"index, follow, max-snippet:-1, max-image-preview:large, max-video-preview:-1\" \/>\n<link rel=\"canonical\" href=\"https:\/\/www.depotmaletools.com\/en\/collections\/\" \/>\n<meta property=\"og:locale\" content=\"en_US\" \/>\n<meta property=\"og:type\" content=\"article\" \/>\n<meta property=\"og:title\" content=\"DEPOT\u00ae Les collections | \u00catre inspir\u00e9\" \/>\n<meta property=\"og:description\" content=\"DEPOT\u00ae Les collections | Laissez-vous inspirer par nos collections d\u00e9di\u00e9es \u00e0 l&#039;homme contemporain: Olympic Shapes, The Classics, The New Order, Fusion of Soul\" \/>\n<meta property=\"og:url\" content=\"https:\/\/www.depotmaletools.com\/en\/collections\/\" \/>\n<meta property=\"og:site_name\" content=\"DEPOT - THE MALE TOOLS &amp; Co.\" \/>\n<meta property=\"article:publisher\" content=\"https:\/\/www.facebook.com\/depotmaletools\/\" \/>\n<meta property=\"article:modified_time\" content=\"2021-07-07T12:33:44+00:00\" \/>\n<meta property=\"og:image\" content=\"https:\/\/www.depotmaletools.com\/wp-content\/uploads\/2020\/06\/depot-collezioni.jpg\" \/>\n\t<meta property=\"og:image:width\" content=\"1240\" \/>\n\t<meta property=\"og:image:height\" content=\"819\" \/>\n\t<meta property=\"og:image:type\" content=\"image\/jpeg\" \/>\n<meta name=\"twitter:card\" content=\"summary_large_image\" \/>\n<script type=\"application\/ld+json\" class=\"yoast-schema-graph\">{\"@context\":\"https:\\\/\\\/schema.org\",\"@graph\":[{\"@type\":\"WebPage\",\"@id\":\"https:\\\/\\\/www.depotmaletools.com\\\/en\\\/collections\\\/\",\"url\":\"https:\\\/\\\/www.depotmaletools.com\\\/en\\\/collections\\\/\",\"name\":\"DEPOT\u00ae Les collections | \u00catre inspir\u00e9\",\"isPartOf\":{\"@id\":\"https:\\\/\\\/www.depotmaletools.com\\\/en\\\/#website\"},\"primaryImageOfPage\":{\"@id\":\"https:\\\/\\\/www.depotmaletools.com\\\/en\\\/collections\\\/#primaryimage\"},\"image\":{\"@id\":\"https:\\\/\\\/www.depotmaletools.com\\\/en\\\/collections\\\/#primaryimage\"},\"thumbnailUrl\":\"https:\\\/\\\/www.depotmaletools.com\\\/wp-content\\\/uploads\\\/2020\\\/06\\\/depot-collezioni.jpg\",\"datePublished\":\"2020-07-13T14:48:58+00:00\",\"dateModified\":\"2021-07-07T12:33:44+00:00\",\"description\":\"DEPOT\u00ae Les collections | Laissez-vous inspirer par nos collections d\u00e9di\u00e9es \u00e0 l'homme contemporain: Olympic Shapes, The Classics, The New Order, Fusion of Soul\",\"breadcrumb\":{\"@id\":\"https:\\\/\\\/www.depotmaletools.com\\\/en\\\/collections\\\/#breadcrumb\"},\"inLanguage\":\"en-US\",\"potentialAction\":[{\"@type\":\"ReadAction\",\"target\":[\"https:\\\/\\\/www.depotmaletools.com\\\/en\\\/collections\\\/\"]}]},{\"@type\":\"ImageObject\",\"inLanguage\":\"en-US\",\"@id\":\"https:\\\/\\\/www.depotmaletools.com\\\/en\\\/collections\\\/#primaryimage\",\"url\":\"https:\\\/\\\/www.depotmaletools.com\\\/wp-content\\\/uploads\\\/2020\\\/06\\\/depot-collezioni.jpg\",\"contentUrl\":\"https:\\\/\\\/www.depotmaletools.com\\\/wp-content\\\/uploads\\\/2020\\\/06\\\/depot-collezioni.jpg\",\"width\":1240,\"height\":819},{\"@type\":\"BreadcrumbList\",\"@id\":\"https:\\\/\\\/www.depotmaletools.com\\\/en\\\/collections\\\/#breadcrumb\",\"itemListElement\":[{\"@type\":\"ListItem\",\"position\":1,\"name\":\"Home\",\"item\":\"https:\\\/\\\/www.depotmaletools.com\\\/en\\\/\"},{\"@type\":\"ListItem\",\"position\":2,\"name\":\"Collections\"}]},{\"@type\":\"WebSite\",\"@id\":\"https:\\\/\\\/www.depotmaletools.com\\\/en\\\/#website\",\"url\":\"https:\\\/\\\/www.depotmaletools.com\\\/en\\\/\",\"name\":\"DEPOT - THE MALE TOOLS &amp; Co.\",\"description\":\"DEPOT - THE MALE TOOLS &amp; Co.\",\"publisher\":{\"@id\":\"https:\\\/\\\/www.depotmaletools.com\\\/en\\\/#organization\"},\"potentialAction\":[{\"@type\":\"SearchAction\",\"target\":{\"@type\":\"EntryPoint\",\"urlTemplate\":\"https:\\\/\\\/www.depotmaletools.com\\\/en\\\/?s={search_term_string}\"},\"query-input\":{\"@type\":\"PropertyValueSpecification\",\"valueRequired\":true,\"valueName\":\"search_term_string\"}}],\"inLanguage\":\"en-US\"},{\"@type\":\"Organization\",\"@id\":\"https:\\\/\\\/www.depotmaletools.com\\\/en\\\/#organization\",\"name\":\"DEPOT\u00ae\ufe0f The Male tools & Co.\",\"url\":\"https:\\\/\\\/www.depotmaletools.com\\\/en\\\/\",\"logo\":{\"@type\":\"ImageObject\",\"inLanguage\":\"en-US\",\"@id\":\"https:\\\/\\\/www.depotmaletools.com\\\/en\\\/#\\\/schema\\\/logo\\\/image\\\/\",\"url\":\"https:\\\/\\\/www.depotmaletools.com\\\/wp-content\\\/uploads\\\/2020\\\/06\\\/depot-male-tools.svg\",\"contentUrl\":\"https:\\\/\\\/www.depotmaletools.com\\\/wp-content\\\/uploads\\\/2020\\\/06\\\/depot-male-tools.svg\",\"width\":100,\"height\":100,\"caption\":\"DEPOT\u00ae\ufe0f The Male tools & Co.\"},\"image\":{\"@id\":\"https:\\\/\\\/www.depotmaletools.com\\\/en\\\/#\\\/schema\\\/logo\\\/image\\\/\"},\"sameAs\":[\"https:\\\/\\\/www.facebook.com\\\/depotmaletools\\\/\",\"https:\\\/\\\/www.instagram.com\\\/depot_maletools\\\/\",\"https:\\\/\\\/www.youtube.com\\\/channel\\\/UCXX7nakWdnNCyS33tYqFFhg\"]}]}<\/script>\n<!-- \/ Yoast SEO plugin. -->","yoast_head_json":{"title":"DEPOT\u00ae Les collections | \u00catre inspir\u00e9","description":"DEPOT\u00ae Les collections | Laissez-vous inspirer par nos collections d\u00e9di\u00e9es \u00e0 l'homme contemporain: Olympic Shapes, The Classics, The New Order, Fusion of Soul","robots":{"index":"index","follow":"follow","max-snippet":"max-snippet:-1","max-image-preview":"max-image-preview:large","max-video-preview":"max-video-preview:-1"},"canonical":"https:\/\/www.depotmaletools.com\/en\/collections\/","og_locale":"en_US","og_type":"article","og_title":"DEPOT\u00ae Les collections | \u00catre inspir\u00e9","og_description":"DEPOT\u00ae Les collections | Laissez-vous inspirer par nos collections d\u00e9di\u00e9es \u00e0 l'homme contemporain: Olympic Shapes, The Classics, The New Order, Fusion of Soul","og_url":"https:\/\/www.depotmaletools.com\/en\/collections\/","og_site_name":"DEPOT - THE MALE TOOLS &amp; Co.","article_publisher":"https:\/\/www.facebook.com\/depotmaletools\/","article_modified_time":"2021-07-07T12:33:44+00:00","og_image":[{"width":1240,"height":819,"url":"https:\/\/www.depotmaletools.com\/wp-content\/uploads\/2020\/06\/depot-collezioni.jpg","type":"image\/jpeg"}],"twitter_card":"summary_large_image","schema":{"@context":"https:\/\/schema.org","@graph":[{"@type":"WebPage","@id":"https:\/\/www.depotmaletools.com\/en\/collections\/","url":"https:\/\/www.depotmaletools.com\/en\/collections\/","name":"DEPOT\u00ae Les collections | \u00catre inspir\u00e9","isPartOf":{"@id":"https:\/\/www.depotmaletools.com\/en\/#website"},"primaryImageOfPage":{"@id":"https:\/\/www.depotmaletools.com\/en\/collections\/#primaryimage"},"image":{"@id":"https:\/\/www.depotmaletools.com\/en\/collections\/#primaryimage"},"thumbnailUrl":"https:\/\/www.depotmaletools.com\/wp-content\/uploads\/2020\/06\/depot-collezioni.jpg","datePublished":"2020-07-13T14:48:58+00:00","dateModified":"2021-07-07T12:33:44+00:00","description":"DEPOT\u00ae Les collections | Laissez-vous inspirer par nos collections d\u00e9di\u00e9es \u00e0 l'homme contemporain: Olympic Shapes, The Classics, The New Order, Fusion of Soul","breadcrumb":{"@id":"https:\/\/www.depotmaletools.com\/en\/collections\/#breadcrumb"},"inLanguage":"en-US","potentialAction":[{"@type":"ReadAction","target":["https:\/\/www.depotmaletools.com\/en\/collections\/"]}]},{"@type":"ImageObject","inLanguage":"en-US","@id":"https:\/\/www.depotmaletools.com\/en\/collections\/#primaryimage","url":"https:\/\/www.depotmaletools.com\/wp-content\/uploads\/2020\/06\/depot-collezioni.jpg","contentUrl":"https:\/\/www.depotmaletools.com\/wp-content\/uploads\/2020\/06\/depot-collezioni.jpg","width":1240,"height":819},{"@type":"BreadcrumbList","@id":"https:\/\/www.depotmaletools.com\/en\/collections\/#breadcrumb","itemListElement":[{"@type":"ListItem","position":1,"name":"Home","item":"https:\/\/www.depotmaletools.com\/en\/"},{"@type":"ListItem","position":2,"name":"Collections"}]},{"@type":"WebSite","@id":"https:\/\/www.depotmaletools.com\/en\/#website","url":"https:\/\/www.depotmaletools.com\/en\/","name":"DEPOT - THE MALE TOOLS &amp; Co.","description":"DEPOT - THE MALE TOOLS &amp; Co.","publisher":{"@id":"https:\/\/www.depotmaletools.com\/en\/#organization"},"potentialAction":[{"@type":"SearchAction","target":{"@type":"EntryPoint","urlTemplate":"https:\/\/www.depotmaletools.com\/en\/?s={search_term_string}"},"query-input":{"@type":"PropertyValueSpecification","valueRequired":true,"valueName":"search_term_string"}}],"inLanguage":"en-US"},{"@type":"Organization","@id":"https:\/\/www.depotmaletools.com\/en\/#organization","name":"DEPOT\u00ae\ufe0f The Male tools & Co.","url":"https:\/\/www.depotmaletools.com\/en\/","logo":{"@type":"ImageObject","inLanguage":"en-US","@id":"https:\/\/www.depotmaletools.com\/en\/#\/schema\/logo\/image\/","url":"https:\/\/www.depotmaletools.com\/wp-content\/uploads\/2020\/06\/depot-male-tools.svg","contentUrl":"https:\/\/www.depotmaletools.com\/wp-content\/uploads\/2020\/06\/depot-male-tools.svg","width":100,"height":100,"caption":"DEPOT\u00ae\ufe0f The Male tools & Co."},"image":{"@id":"https:\/\/www.depotmaletools.com\/en\/#\/schema\/logo\/image\/"},"sameAs":["https:\/\/www.facebook.com\/depotmaletools\/","https:\/\/www.instagram.com\/depot_maletools\/","https:\/\/www.youtube.com\/channel\/UCXX7nakWdnNCyS33tYqFFhg"]}]}},"_links":{"self":[{"href":"https:\/\/www.depotmaletools.com\/en\/wp-json\/wp\/v2\/pages\/1071","targetHints":{"allow":["GET"]}}],"collection":[{"href":"https:\/\/www.depotmaletools.com\/en\/wp-json\/wp\/v2\/pages"}],"about":[{"href":"https:\/\/www.depotmaletools.com\/en\/wp-json\/wp\/v2\/types\/page"}],"author":[{"embeddable":true,"href":"https:\/\/www.depotmaletools.com\/en\/wp-json\/wp\/v2\/users\/215"}],"replies":[{"embeddable":true,"href":"https:\/\/www.depotmaletools.com\/en\/wp-json\/wp\/v2\/comments?post=1071"}],"version-history":[{"count":9,"href":"https:\/\/www.depotmaletools.com\/en\/wp-json\/wp\/v2\/pages\/1071\/revisions"}],"predecessor-version":[{"id":17019,"href":"https:\/\/www.depotmaletools.com\/en\/wp-json\/wp\/v2\/pages\/1071\/revisions\/17019"}],"wp:featuredmedia":[{"embeddable":true,"href":"https:\/\/www.depotmaletools.com\/en\/wp-json\/wp\/v2\/media\/814"}],"wp:attachment":[{"href":"https:\/\/www.depotmaletools.com\/en\/wp-json\/wp\/v2\/media?parent=1071"}],"curies":[{"name":"wp","href":"https:\/\/api.w.org\/{rel}","templated":true}]}}